{"id":2,"date":"2023-11-15T10:59:28","date_gmt":"2023-11-15T09:59:28","guid":{"rendered":"http:\/\/damienlecouvreur.fr\/?page_id=2"},"modified":"2023-11-23T11:45:14","modified_gmt":"2023-11-23T10:45:14","slug":"page-d-exemple","status":"publish","type":"page","link":"https:\/\/damienlecouvreur.fr\/","title":{"rendered":"Page principale"},"content":{"rendered":"\n<h2 class=\"wp-block-heading\">Pr\u00e9sentation<\/h2>\n\n\n\n<p>Je m&#8217;appelle Damien Muratet fondateur de Damien le Couvreur bas\u00e9 \u00e0 Villeveyrac dans l\u2019H\u00e9rault.  Je propose toutes les activit\u00e9s qui touchent \u00e0 l&#8217;entretien, la cr\u00e9ation, les modifications de votre toiture. Je me suis form\u00e9 en Auvergne, territoire o\u00f9 la diversit\u00e9 des toitures m&#8217;apporte une exp\u00e9rience compl\u00e8te. Sp\u00e9cialis\u00e9 dans l&#8217;ancien, je m&#8217;attache \u00e0 pr\u00e9server la qualit\u00e9 de votre patrimoine en conservant le savoir-faire ancestral combin\u00e9 aux techniques modernes qui assurent confort et \u00e9tanch\u00e9it\u00e9.<\/p>\n\n\n\n<p><\/p>\n\n\n\n<h2 class=\"wp-block-heading\">Mes activit\u00e9s de couvreur<\/h2>\n\n\n\n<ul class=\"wp-block-list\">\n<li><strong>Couverture<\/strong> : ardoise, tuiles anciennes et neuves, t\u00f4les, plaques, diagnostic recherche et pr\u00e9vention de fuites<\/li>\n\n\n\n<li><strong>Zinguerie<\/strong> : goutti\u00e8res, entourage de chemin\u00e9e<\/li>\n\n\n\n<li><strong>Ouverture<\/strong> sur toiture : sortie de chemin\u00e9e\/po\u00eale ; pose, remplacement, r\u00e9paration de velux<\/li>\n\n\n\n<li>R\u00e9novation de <strong>charpente<\/strong> bois<\/li>\n\n\n\n<li><strong>Isolation<\/strong> combles-perdus, isolation sous-toitures, isolation ext\u00e9rieure (sarking)<\/li>\n\n\n\n<li><strong>Nettoyage<\/strong> de toitures (d\u00e9moussage)<\/li>\n<\/ul>\n\n\n\n<p>N&#8217;h\u00e9sitez pas \u00e0 me contacter par t\u00e9l\u00e9phone (06 30 88 60 73) ou par mail (<strong>damien.muratet@protonmail.com<\/strong>) , je serais tr\u00e8s heureux de pouvoir vous accompagner dans tous vos projets de couverture !<\/p>\n","protected":false},"excerpt":{"rendered":"<p>Pr\u00e9sentation Je m&#8217;appelle Damien Muratet fondateur de Damien le Couvreur bas\u00e9 \u00e0 Villeveyrac dans l\u2019H\u00e9rault. Je propose toutes les activit\u00e9s qui touchent \u00e0 l&#8217;entretien, la cr\u00e9ation, les modifications de votre toiture. Je me suis form\u00e9 en Auvergne, territoire o\u00f9 la diversit\u00e9 des toitures m&#8217;apporte une exp\u00e9rience compl\u00e8te. Sp\u00e9cialis\u00e9 dans l&#8217;ancien, je m&#8217;attache \u00e0 pr\u00e9server la [&hellip;]<\/p>\n","protected":false},"author":1,"featured_media":25,"parent":0,"menu_order":0,"comment_status":"closed","ping_status":"open","template":"","meta":{"hide_page_title":"","_coblocks_attr":"","_coblocks_dimensions":"","_coblocks_responsive_height":"","_coblocks_accordion_ie_support":"","footnotes":""},"class_list":["post-2","page","type-page","status-publish","has-post-thumbnail","hentry"],"_links":{"self":[{"href":"https:\/\/damienlecouvreur.fr\/index.php\/wp-json\/wp\/v2\/pages\/2","targetHints":{"allow":["GET"]}}],"collection":[{"href":"https:\/\/damienlecouvreur.fr\/index.php\/wp-json\/wp\/v2\/pages"}],"about":[{"href":"https:\/\/damienlecouvreur.fr\/index.php\/wp-json\/wp\/v2\/types\/page"}],"author":[{"embeddable":true,"href":"https:\/\/damienlecouvreur.fr\/index.php\/wp-json\/wp\/v2\/users\/1"}],"replies":[{"embeddable":true,"href":"https:\/\/damienlecouvreur.fr\/index.php\/wp-json\/wp\/v2\/comments?post=2"}],"version-history":[{"count":11,"href":"https:\/\/damienlecouvreur.fr\/index.php\/wp-json\/wp\/v2\/pages\/2\/revisions"}],"predecessor-version":[{"id":46,"href":"https:\/\/damienlecouvreur.fr\/index.php\/wp-json\/wp\/v2\/pages\/2\/revisions\/46"}],"wp:featuredmedia":[{"embeddable":true,"href":"https:\/\/damienlecouvreur.fr\/index.php\/wp-json\/wp\/v2\/media\/25"}],"wp:attachment":[{"href":"https:\/\/damienlecouvreur.fr\/index.php\/wp-json\/wp\/v2\/media?parent=2"}],"curies":[{"name":"wp","href":"https:\/\/api.w.org\/{rel}","templated":true}]}}